{"id":50695,"date":"2026-02-16T11:29:59","date_gmt":"2026-02-16T09:29:59","guid":{"rendered":"https:\/\/u2b.umfst.ro\/?page_id=50695"},"modified":"2026-02-16T16:45:39","modified_gmt":"2026-02-16T14:45:39","slug":"practica","status":"publish","type":"page","link":"https:\/\/u2b.umfst.ro\/en\/practica\/","title":{"rendered":"Practical Training"},"content":{"rendered":"<!--themify_builder_content-->\n<div id=\"themify_builder_content-50695\" data-postid=\"50695\" class=\"themify_builder_content themify_builder_content-50695 themify_builder tf_clear\">\n                    <div  data-zooming-bg=\"desktop\" data-css_id=\"jtcl678\" data-lazy=\"1\" class=\"module_row themify_builder_row fullheight fullwidth tb_jtcl678 tb_first tf_w\">\n            <span  class=\"builder_row_cover tf_abs\" data-lazy=\"1\"><\/span>            <div class=\"row_inner col_align_middle tb_col_count_1 tf_box tf_rel\">\n                        <div  data-lazy=\"1\" class=\"module_column tb-column col-full tb_82x3678 first\">\n                    <!-- module fancy heading -->\n<div  class=\"module module-fancy-heading tb_5d58678  wow\" data-tf-animation=\"fadeIn\" data-tf-animation_delay=\"0.3\" data-lazy=\"1\">\n        <h1 class=\"fancy-heading\">\n    <span class=\"main-head tf_block\">\n                    <b>FACULTY OF MEDICINE<\/b>            <\/span>\n\n    \n    <span class=\"sub-head tf_block tf_rel\">\n                    <a href=\"https:\/\/umfst.ro\/facultatea-de-medicina\/informatii-pentru-studenti\/informatii-specifice-facultatii\/practica-de-specialitate\/\">Practica de specialitate<\/a>\n            <\/span>\n    <\/h1>\n<\/div>\n<!-- \/module fancy heading -->\n        <\/div>\n                        <\/div>\n        <\/div>\n                        <div  data-zooming-bg=\"desktop\" data-css_id=\"rd7w557\" data-lazy=\"1\" class=\"module_row themify_builder_row fullheight fullwidth tb_rd7w557 tf_w\">\n            <span  class=\"builder_row_cover tf_abs\" data-lazy=\"1\"><\/span>            <div class=\"row_inner col_align_middle tb_col_count_1 tf_box tf_rel\">\n                        <div  data-lazy=\"1\" class=\"module_column tb-column col-full tb_mb3x557 first\">\n                    <!-- module fancy heading -->\n<div  class=\"module module-fancy-heading tb_8z6c557  wow\" data-tf-animation=\"fadeIn\" data-tf-animation_delay=\"0.3\" data-lazy=\"1\">\n        <h1 class=\"fancy-heading\">\n    <span class=\"main-head tf_block\">\n                    <b>FACULTY OF MEDICINE <br>\u00ceN LIMBA ENGLEZ\u0102<\/b>            <\/span>\n\n    \n    <span class=\"sub-head tf_block tf_rel\">\n                    <a href=\"https:\/\/umfst.ro\/medicina-engleza\/informatii-pentru-studenti\/campus-targu-mures\/abilitati-practice-medicina\/\">Practica de specialitate<\/a>\n            <\/span>\n    <\/h1>\n<\/div>\n<!-- \/module fancy heading -->\n        <\/div>\n                        <\/div>\n        <\/div>\n                        <div  data-zooming-bg=\"desktop\" data-css_id=\"zd0s813\" data-lazy=\"1\" class=\"module_row themify_builder_row fullheight fullwidth tb_zd0s813 tf_w\">\n            <span  class=\"builder_row_cover tf_abs\" data-lazy=\"1\"><\/span>            <div class=\"row_inner col_align_middle tb_col_count_1 tf_box tf_rel\">\n                        <div  data-lazy=\"1\" class=\"module_column tb-column col-full tb_ifn9813 first\">\n                    <!-- module fancy heading -->\n<div  class=\"module module-fancy-heading tb_9vbo813  wow\" data-tf-animation=\"fadeIn\" data-tf-animation_delay=\"0.3\" data-lazy=\"1\">\n        <h1 class=\"fancy-heading\">\n    <span class=\"main-head tf_block\">\n                    <b>FACULTY OF<br>DENTAL MEDICINE<\/b>            <\/span>\n\n    \n    <span class=\"sub-head tf_block tf_rel\">\n                    <a href=\"https:\/\/umfst.ro\/facultatea-de-medicina-dentara\/informatii-studenti\/informatii-specifice-facultatii\/practica-de-specialitate\/\">Practica de specialitate<\/a>\n            <\/span>\n    <\/h1>\n<\/div>\n<!-- \/module fancy heading -->\n        <\/div>\n                        <\/div>\n        <\/div>\n                        <div  data-zooming-bg=\"desktop\" data-css_id=\"av17429\" data-lazy=\"1\" class=\"module_row themify_builder_row fullheight fullwidth tb_av17429 tf_w\">\n            <span  class=\"builder_row_cover tf_abs\" data-lazy=\"1\"><\/span>            <div class=\"row_inner col_align_middle tb_col_count_1 tf_box tf_rel\">\n                        <div  data-lazy=\"1\" class=\"module_column tb-column col-full tb_y79n429 first\">\n                    <!-- module fancy heading -->\n<div  class=\"module module-fancy-heading tb_vhik429  wow\" data-tf-animation=\"fadeIn\" data-tf-animation_delay=\"0.3\" data-lazy=\"1\">\n        <h1 class=\"fancy-heading\">\n    <span class=\"main-head tf_block\">\n                    <b>FACULTY OF PHARMACY<\/b>            <\/span>\n\n    \n    <span class=\"sub-head tf_block tf_rel\">\n                    <a href=\"https:\/\/umfst.ro\/facultatea-de-farmacie\/informatii-studenti\/informatii-specifice-facultatii\/practica-de-specialitate\/\">Practica de specialitate<\/a>\n            <\/span>\n    <\/h1>\n<\/div>\n<!-- \/module fancy heading -->\n        <\/div>\n                        <\/div>\n        <\/div>\n                        <div  data-zooming-bg=\"desktop\" data-css_id=\"qam832\" data-lazy=\"1\" class=\"module_row themify_builder_row fullheight fullwidth tb_qam832 tf_w\">\n            <span  class=\"builder_row_cover tf_abs\" data-lazy=\"1\"><\/span>            <div class=\"row_inner col_align_middle tb_col_count_1 tf_box tf_rel\">\n                        <div  data-lazy=\"1\" class=\"module_column tb-column col-full tb_hrsq32 first\">\n                    <!-- module fancy heading -->\n<div  class=\"module module-fancy-heading tb_gc3r32  wow\" data-tf-animation=\"fadeIn\" data-tf-animation_delay=\"0.3\" data-lazy=\"1\">\n        <h1 class=\"fancy-heading\">\n    <span class=\"main-head tf_block\">\n                    <b>FACULTATEA DE INGINERIE <br>\u0218I TEHNOLOGIA INFORMA\u021aIEI<\/b>            <\/span>\n\n    \n    <span class=\"sub-head tf_block tf_rel\">\n                    <a href=\"https:\/\/umfst.ro\/inginerie\/informatii-studenti\/informatii-specifice-facultatii\/practica\/\">Practica de specialitate<\/a>\n            <\/span>\n    <\/h1>\n<\/div>\n<!-- \/module fancy heading -->\n        <\/div>\n                        <\/div>\n        <\/div>\n                        <div  data-zooming-bg=\"desktop\" data-css_id=\"p800135\" data-lazy=\"1\" class=\"module_row themify_builder_row fullheight fullwidth tb_p800135 tf_w\">\n            <span  class=\"builder_row_cover tf_abs\" data-lazy=\"1\"><\/span>            <div class=\"row_inner col_align_middle tb_col_count_1 tf_box tf_rel\">\n                        <div  data-lazy=\"1\" class=\"module_column tb-column col-full tb_ryu2135 first\">\n                    <!-- module fancy heading -->\n<div  class=\"module module-fancy-heading tb_j0jt135  wow\" data-tf-animation=\"fadeIn\" data-tf-animation_delay=\"0.3\" data-lazy=\"1\">\n        <h1 class=\"fancy-heading\">\n    <span class=\"main-head tf_block\">\n                    <b>FACULTATEA DE \u0218TIIN\u021aE <br>\u0218I LITERE \u201ePETRU MAIOR\u201d<\/b>            <\/span>\n\n    \n    <span class=\"sub-head tf_block tf_rel\">\n                    <a href=\"https:\/\/umfst.ro\/stiinte-si-litere\/informatii-pentru-studenti\/informatii-specifice-facultatii\/practica-de-specialitate\/\">Practica de specialitate<\/a>\n            <\/span>\n    <\/h1>\n<\/div>\n<!-- \/module fancy heading -->\n        <\/div>\n                        <\/div>\n        <\/div>\n                        <div  data-zooming-bg=\"desktop\" data-css_id=\"yvz651\" data-lazy=\"1\" class=\"module_row themify_builder_row fullheight fullwidth tb_yvz651 tf_w\">\n            <span  class=\"builder_row_cover tf_abs\" data-lazy=\"1\"><\/span>            <div class=\"row_inner col_align_middle tb_col_count_1 tf_box tf_rel\">\n                        <div  data-lazy=\"1\" class=\"module_column tb-column col-full tb_wblg51 first\">\n                    <!-- module fancy heading -->\n<div  class=\"module module-fancy-heading tb_t0cv51  wow\" data-tf-animation=\"fadeIn\" data-tf-animation_delay=\"0.3\" data-lazy=\"1\">\n        <h1 class=\"fancy-heading\">\n    <span class=\"main-head tf_block\">\n                    <b>FACULTY OF <br>ECONOMIE \u0218I DREPT<\/b>            <\/span>\n\n    \n    <span class=\"sub-head tf_block tf_rel\">\n                    <a href=\"https:\/\/skill-up.umfst.ro\/\">Aplica\u021bia \u201eSkill-Up UMFST\u201d<\/a>\n            <\/span>\n    <\/h1>\n<\/div>\n<!-- \/module fancy heading -->\n        <\/div>\n                        <\/div>\n        <\/div>\n        <\/div>\n<!--\/themify_builder_content-->","protected":false},"excerpt":{"rendered":"","protected":false},"author":8,"featured_media":0,"parent":0,"menu_order":0,"comment_status":"closed","ping_status":"closed","template":"","meta":{"footnotes":""},"class_list":["post-50695","page","type-page","status-publish","hentry","has-post-title","has-post-date","has-post-category","has-post-tag","has-post-comment","has-post-author",""],"aioseo_notices":[],"builder_content":"<h1><b>FACULTATEA DE MEDICIN\u0102<\/b><br\/>Practica de specialitate<\/h1>\n<h1><b>FACULTATEA DE MEDICIN\u0102 <br>\u00ceN LIMBA ENGLEZ\u0102<\/b><br\/>Practica de specialitate<\/h1>\n<h1><b>FACULTATEA DE<BR>MEDICIN\u0102 DENTAR\u0102<\/b><br\/>Practica de specialitate<\/h1>\n<h1><b>FACULTATEA DE FARMACIE<\/b><br\/>Practica de specialitate<\/h1>\n<h1><b>FACULTATEA DE INGINERIE <br>\u0218I TEHNOLOGIA INFORMA\u021aIEI<\/b><br\/>Practica de specialitate<\/h1>\n<h1><b>FACULTATEA DE \u0218TIIN\u021aE <br>\u0218I LITERE \u201ePETRU MAIOR\u201d<\/b><br\/>Practica de specialitate<\/h1>\n<h1><b>FACULTATEA DE <br>ECONOMIE \u0218I DREPT<\/b><br\/>Aplica\u021bia \u201eSkill-Up UMFST\u201d<\/h1>","_links":{"self":[{"href":"https:\/\/u2b.umfst.ro\/en\/wp-json\/wp\/v2\/pages\/50695","targetHints":{"allow":["GET"]}}],"collection":[{"href":"https:\/\/u2b.umfst.ro\/en\/wp-json\/wp\/v2\/pages"}],"about":[{"href":"https:\/\/u2b.umfst.ro\/en\/wp-json\/wp\/v2\/types\/page"}],"author":[{"embeddable":true,"href":"https:\/\/u2b.umfst.ro\/en\/wp-json\/wp\/v2\/users\/8"}],"replies":[{"embeddable":true,"href":"https:\/\/u2b.umfst.ro\/en\/wp-json\/wp\/v2\/comments?post=50695"}],"version-history":[{"count":34,"href":"https:\/\/u2b.umfst.ro\/en\/wp-json\/wp\/v2\/pages\/50695\/revisions"}],"predecessor-version":[{"id":50743,"href":"https:\/\/u2b.umfst.ro\/en\/wp-json\/wp\/v2\/pages\/50695\/revisions\/50743"}],"wp:attachment":[{"href":"https:\/\/u2b.umfst.ro\/en\/wp-json\/wp\/v2\/media?parent=50695"}],"curies":[{"name":"wp","href":"https:\/\/api.w.org\/{rel}","templated":true}]}}