{"id":47520,"date":"2025-05-21T09:50:14","date_gmt":"2025-05-21T06:50:14","guid":{"rendered":"https:\/\/u2b.umfst.ro\/?page_id=47520"},"modified":"2025-12-02T09:36:09","modified_gmt":"2025-12-02T07:36:09","slug":"contact","status":"publish","type":"page","link":"https:\/\/u2b.umfst.ro\/en\/contact\/","title":{"rendered":"Contact"},"content":{"rendered":"<!--themify_builder_content-->\n<div id=\"themify_builder_content-47520\" data-postid=\"47520\" class=\"themify_builder_content themify_builder_content-47520 themify_builder tf_clear\">\n                    <div  data-lazy=\"1\" class=\"module_row themify_builder_row tb_sm55710 tb_first tf_w\">\n                        <div class=\"row_inner col_align_top tb_col_count_2 tf_box tf_rel\">\n                        <div  data-lazy=\"1\" class=\"module_column tb-column col4-2 tb_ds2z710 first\">\n                    <!-- module text -->\n<div  class=\"module module-text tb_4t2r711\" data-lazy=\"1\">\n        <div  class=\"tb_text_wrap\">\n        <h2>Contact us!<\/h2>    <\/div>\n<\/div>\n<!-- \/module text --><!-- module text -->\n<div  class=\"module module-text tb_csv8711\" data-lazy=\"1\">\n        <div  class=\"tb_text_wrap\">\n        <p>Your opinions are important to us. Whether it is a simple question or a valuable suggestion, we are here 24\/7. You can call us or send us an email directly.<\/p>    <\/div>\n<\/div>\n<!-- \/module text -->        <div  data-lazy=\"1\" class=\"module_subrow themify_builder_sub_row tf_w col_align_top tb_col_count_1 tb_5uww186\">\n                <div  data-lazy=\"1\" class=\"module_column sub_column col-full tb_034z720 first\">\n                    <!-- module text -->\n<div  class=\"module module-text tb_78ao720\" data-lazy=\"1\">\n        <div  class=\"tb_text_wrap\">\n        <h4>E-mail<\/h4>    <\/div>\n<\/div>\n<!-- \/module text --><!-- module contact -->\n<div  id=\"tb_rkjn720\" class=\"module module-contact tb_rkjn720 contact-style2\" data-lazy=\"1\">\n    \n\t<form class=\"builder-contact\"\n\t\tid=\"tb_rkjn720-form\"\n\t\tmethod=\"post\"\n\t\tdata-post-id=\"47520\"\n\t\tdata-element-id=\"rkjn720\"\n\t\tdata-orig-id=\"47520\" action=\"\"\n\t>\n    <div class=\"contact-message\"><\/div>\n\t<div class=\"builder-contact-fields tf_rel\">\n\t\t    \t\t    <div class=\"builder-contact-field builder-contact-field-name builder-contact-text-field\">\n\t\t\t    <label class=\"control-label\" for=\"tb_rkjn720-contact-name\">\n\t\t\t\t\t\t\t\t\t\t<span class=\"tb-label-span\">Name <\/span><span class=\"required\">*<\/span>\t\t\t\t<\/label>\n\t\t\t    <div class=\"control-input tf_rel\">\n\t\t\t\t    \t\t\t\t\t    <input type=\"text\" name=\"contact-name\" placeholder=\"\" id=\"tb_rkjn720-contact-name\" value=\"\" class=\"form-control\" required>\n\t\t\t\t    \t\t\t\t    \t\t\t    <\/div>\n\t\t<\/div>\n\t    \n\t\t    \t\t    <div class=\"builder-contact-field builder-contact-field-email builder-contact-text-field\">\n\t\t\t    <label class=\"control-label\" for=\"tb_rkjn720-contact-email\">\n\t\t\t\t\t\t\t\t\t\t<span class=\"tb-label-span\">E-mail <\/span><span class=\"required\">*<\/span>\t\t\t\t<\/label>\n\t\t\t    <div class=\"control-input tf_rel\">\n\t\t\t\t    \t\t\t\t\t    <input type=\"email\" name=\"contact-email\" placeholder=\"\" id=\"tb_rkjn720-contact-email\" value=\"\" class=\"form-control\" required>\n\t\t\t\t    \t\t\t\t    \t\t\t    <\/div>\n\t\t<\/div>\n\t    \n\t\t    \t\t    <div class=\"builder-contact-field builder-contact-field-subject builder-contact-text-field\">\n\t\t\t    <label class=\"control-label\" for=\"tb_rkjn720-contact-subject\">\n\t\t\t\t\t\t\t\t\t\t<span class=\"tb-label-span\">Subject <\/span><span class=\"required\">*<\/span>\t\t\t\t<\/label>\n\t\t\t    <div class=\"control-input tf_rel\">\n\t\t\t\t    \t\t\t\t\t    <input type=\"text\" name=\"contact-subject\" placeholder=\"\" id=\"tb_rkjn720-contact-subject\" value=\"\" class=\"form-control\" required>\n\t\t\t\t    \t\t\t\t    \t\t\t    <\/div>\n\t\t<\/div>\n\t    \n\t\t    \t\t    <div class=\"builder-contact-field builder-contact-field-message builder-contact-textarea-field\">\n\t\t\t    <label class=\"control-label\" for=\"tb_rkjn720-contact-message\">\n\t\t\t\t\t\t\t\t\t\t<span class=\"tb-label-span\">Message <\/span>\t\t\t\t<\/label>\n\t\t\t    <div class=\"control-input tf_rel\">\n\t\t\t\t    \t\t\t\t\t    <textarea name=\"contact-message\" placeholder=\"\" id=\"tb_rkjn720-contact-message\" class=\"form-control\"><\/textarea>\n\t\t\t\t    \t\t\t\t    \t\t\t    <\/div>\n\t\t<\/div>\n\t    \n\t\t    \t\t\n\t\t\n\t    \n\t    <div class=\"builder-contact-field builder-contact-field-send control-input tf_textl tf_clear tf_rel\">\n\t\t\t<button type=\"submit\" class=\"btn btn-primary\">\n\t\t\t\t<span class=\"tf_loader\"><\/span>\t\t\t\t<span class=\"tf_submit_icon\"><\/span> \n\t\t\t\tSend\t\t\t<\/button>\n\t    <\/div>\n\t<\/div>\n    <input type=\"hidden\" name=\"trp-form-language\" value=\"en\"\/><\/form>\n    <\/div>\n<!-- \/module contact -->\n        <\/div>\n                    <\/div>\n                <\/div>\n                    <div  data-lazy=\"1\" class=\"module_column tb-column col4-2 tb_6689228 last\">\n                    <!-- module plain text -->\n<div  class=\"module module-plain-text tb_uh28679\" data-lazy=\"1\">\n        <div class=\"tb_text_wrap\">\n    <iframe src=\"https:\/\/www.google.com\/maps\/embed?pb=!1m18!1m12!1m3!1d2743.736485292132!2d24.56477447694689!3d46.55289937111261!2m3!1f0!2f0!3f0!3m2!1i1024!2i768!4f13.1!3m3!1m2!1s0x474bb7cb75be1feb%3A0xdf93735759195c9e!2sTEAMCUBATOR%20-%20by%20SAS%20%26%20U2B!5e0!3m2!1sro!2sro!4v1747811104354!5m2!1sro!2sro\" width=\"600\" height=\"450\" style=\"border:0;\" allowfullscreen=\"\" loading=\"lazy\" referrerpolicy=\"no-referrer-when-downgrade\"><\/iframe>    <\/div>\n<\/div>\n<!-- \/module plain text -->        <div  data-lazy=\"1\" class=\"module_subrow themify_builder_sub_row tf_w col_align_top gutter-none tb_col_count_2 tb_gj5z711\">\n                <div  data-lazy=\"1\" class=\"module_column sub_column tb_geua711 first\">\n                    <!-- module text -->\n<div  class=\"module module-text tb_zp06712\" data-lazy=\"1\">\n        <div  class=\"tb_text_wrap\">\n        <h4>Info<\/h4>    <\/div>\n<\/div>\n<!-- \/module text --><!-- module divider -->\n<div  class=\"module tf_mw module-divider tb_j00a712 solid  divider-custom divider-left\" style=\"border-width: 1px;border-color: #d1d1d1;margin-top: 5px;margin-bottom: 13px;max-width: 50px;\" data-lazy=\"1\">\n    <\/div>\n<!-- \/module divider -->\n<!-- module icon -->\n<div  class=\"module module-icon tb_n043712    icon_vertical\" data-lazy=\"1\">\n\t\t\t<div class=\"module-icon-item\">\n\t\t\t\t\t\t\t\t\t\t\t\t\t\t\t\t<em class=\"tf_box\"\n\t\t\t\t\t\t\t\t\t\t\t\t\t\t\t\t\t><svg  class=\"tf_fa tf-fas-phone\" aria-hidden=\"true\"><use href=\"#tf-fas-phone\"><\/use><\/svg><\/em>\n\t\t\t\t\t\t\t\t\t\t\t\t\t\t\t\t\t\t\t<span>0265 215 551 (int. 534)<\/span>\n\t\t\t\t\t\t\t\t\t\t\t\t\t\t\t<\/div>\n\t\t\t<div class=\"module-icon-item\">\n\t\t\t\t\t\t\t<a href=\"mailto:u2b@umfst.ro\">\n\t\t\t\t\t\t\t\t\t\t\t\t\t\t\t\t\t<em class=\"tf_box\"\n\t\t\t\t\t\t\t\t\t\t\t\t\t\t\t\t\t><svg  class=\"tf_fa tf-far-envelope\" aria-hidden=\"true\"><use href=\"#tf-far-envelope\"><\/use><\/svg><\/em>\n\t\t\t\t\t\t\t\t\t\t\t\t\t\t\t\t\t\t\t<span>u2b@umfst.ro<\/span>\n\t\t\t\t\t\t\t\t\t\t\t\t\t\t\t\t\t<\/a>\n\t\t\t\t\t<\/div>\n\t<\/div>\n<!-- \/module icon -->\n        <\/div>\n                    <div  data-lazy=\"1\" class=\"module_column sub_column tb_8w65712 last\">\n                    <!-- module text -->\n<div  class=\"module module-text tb_qnv5712\" data-lazy=\"1\">\n        <div  class=\"tb_text_wrap\">\n        <h4>Address<\/h4>    <\/div>\n<\/div>\n<!-- \/module text --><!-- module divider -->\n<div  class=\"module tf_mw module-divider tb_zhlu712 solid  divider-custom divider-left\" style=\"border-width: 1px;border-color: #d1d1d1;margin-top: 5px;margin-bottom: 13px;max-width: 50px;\" data-lazy=\"1\">\n    <\/div>\n<!-- \/module divider -->\n<!-- module text -->\n<div  class=\"module module-text tb_mse8712\" data-lazy=\"1\">\n        <div  class=\"tb_text_wrap\">\n        <p>38, Republicii Square, room B25, T\u00e2rgu Mure\u0219, Romania<\/p>    <\/div>\n<\/div>\n<!-- \/module text -->        <\/div>\n                    <\/div>\n                <\/div>\n                        <\/div>\n        <\/div>\n        <\/div>\n<!--\/themify_builder_content-->","protected":false},"excerpt":{"rendered":"<p>Contact us!<\/p>","protected":false},"author":8,"featured_media":0,"parent":0,"menu_order":0,"comment_status":"closed","ping_status":"closed","template":"","meta":{"footnotes":""},"class_list":["post-47520","page","type-page","status-publish","hentry","has-post-title","has-post-date","has-post-category","has-post-tag","has-post-comment","has-post-author",""],"aioseo_notices":[],"builder_content":"<h2>Contacta\u021bi-ne!<\/h2>\n<p>Opiniile dumneavoastr\u0103 sunt importante pentru noi. Indiferent dac\u0103 este o simpl\u0103 \u00eentrebare sau o sugestie valoroas\u0103, suntem aici 24\/7. Ne pute\u021bi suna sau ne pute\u021bi trimite un email direct.<\/p>\n<h4>E-mail<\/h4>\n<form id=\"tb_rkjn720-form\" method=\"post\" data-post-id=\"0\" data-element-id=\"rkjn720\" data-orig-id=\"47520\" > <label for=\"tb_rkjn720-contact-name\"> Nume * <\/label> <input type=\"text\" name=\"contact-name\" placeholder=\"\" id=\"tb_rkjn720-contact-name\" value=\"\" required> <label for=\"tb_rkjn720-contact-email\"> E-mail * <\/label> <input type=\"email\" name=\"contact-email\" placeholder=\"\" id=\"tb_rkjn720-contact-email\" value=\"\" required> <label for=\"tb_rkjn720-contact-subject\"> Subiect * <\/label> <input type=\"text\" name=\"contact-subject\" placeholder=\"\" id=\"tb_rkjn720-contact-subject\" value=\"\" required> <label for=\"tb_rkjn720-contact-message\"> Mesaj <\/label> <textarea name=\"contact-message\" placeholder=\"\" id=\"tb_rkjn720-contact-message\"><\/textarea> <button type=\"submit\"> Trimite <\/button> <\/form>\n<iframe src=\"https:\/\/www.google.com\/maps\/embed?pb=!1m18!1m12!1m3!1d2743.736485292132!2d24.56477447694689!3d46.55289937111261!2m3!1f0!2f0!3f0!3m2!1i1024!2i768!4f13.1!3m3!1m2!1s0x474bb7cb75be1feb%3A0xdf93735759195c9e!2sTEAMCUBATOR%20-%20by%20SAS%20%26%20U2B!5e0!3m2!1sro!2sro!4v1747811104354!5m2!1sro!2sro\" width=\"600\" height=\"450\" style=\"border:0;\" allowfullscreen=\"\" loading=\"lazy\" referrerpolicy=\"no-referrer-when-downgrade\"><\/iframe>\n<h4>Info<\/h4>\n\n<em ><svg aria-hidden=\"true\"><use href=\"#tf-fas-phone\"><\/use><\/svg><\/em> 0265 215 551 (int. 534) <a href=\"mailto:u2b@umfst.ro\"> <em ><svg aria-hidden=\"true\"><use href=\"#tf-far-envelope\"><\/use><\/svg><\/em> u2b@umfst.ro <\/a>\n<h4>Adres\u0103<\/h4>\n\n<p>Pia\u021ba Republicii, nr. 38, sala B25, T\u00e2rgu Mure\u0219, Rom\u00e2nia<\/p>","_links":{"self":[{"href":"https:\/\/u2b.umfst.ro\/en\/wp-json\/wp\/v2\/pages\/47520","targetHints":{"allow":["GET"]}}],"collection":[{"href":"https:\/\/u2b.umfst.ro\/en\/wp-json\/wp\/v2\/pages"}],"about":[{"href":"https:\/\/u2b.umfst.ro\/en\/wp-json\/wp\/v2\/types\/page"}],"author":[{"embeddable":true,"href":"https:\/\/u2b.umfst.ro\/en\/wp-json\/wp\/v2\/users\/8"}],"replies":[{"embeddable":true,"href":"https:\/\/u2b.umfst.ro\/en\/wp-json\/wp\/v2\/comments?post=47520"}],"version-history":[{"count":4,"href":"https:\/\/u2b.umfst.ro\/en\/wp-json\/wp\/v2\/pages\/47520\/revisions"}],"predecessor-version":[{"id":49970,"href":"https:\/\/u2b.umfst.ro\/en\/wp-json\/wp\/v2\/pages\/47520\/revisions\/49970"}],"wp:attachment":[{"href":"https:\/\/u2b.umfst.ro\/en\/wp-json\/wp\/v2\/media?parent=47520"}],"curies":[{"name":"wp","href":"https:\/\/api.w.org\/{rel}","templated":true}]}}