{"id":25568,"date":"2023-06-28T09:23:44","date_gmt":"2023-06-28T06:23:44","guid":{"rendered":"https:\/\/u2b.umfst.ro\/?page_id=25568"},"modified":"2025-06-25T11:17:35","modified_gmt":"2025-06-25T08:17:35","slug":"cercetare","status":"publish","type":"page","link":"https:\/\/u2b.umfst.ro\/en\/cercetare\/","title":{"rendered":"Cercetare UMFST &#8211; University to Business"},"content":{"rendered":"<!--themify_builder_content-->\n<div id=\"themify_builder_content-25568\" data-postid=\"25568\" class=\"themify_builder_content themify_builder_content-25568 themify_builder tf_clear\">\n                    <div  data-css_id=\"21zy250\" data-lazy=\"1\" class=\"module_row themify_builder_row fullheight fullwidth_row_container tb_21zy250 tb_first tf_w\">\n                        <div class=\"row_inner col_align_middle tb_col_count_1 tf_box tf_rel\">\n                        <div  data-lazy=\"1\" class=\"module_column tb-column col-full tb_j9t0251 first\">\n                    <!-- module fancy heading -->\n<div  class=\"module module-fancy-heading tb_vts6696  hide-tablet hide-mobile\" data-lazy=\"1\">\n        <h1 class=\"fancy-heading tf_textc\">\n    <span class=\"main-head tf_block\">\n                    <b>Research infrastructure<\/b>            <\/span>\n\n    \n    <span class=\"sub-head tf_block tf_rel\">\n                                <\/span>\n    <\/h1>\n<\/div>\n<!-- \/module fancy heading -->\n<!-- module plain text -->\n<div  class=\"module module-plain-text tb_fuap540\" data-lazy=\"1\">\n        <div class=\"tb_text_wrap\">\n    \n<table id=\"tablepress-36\" class=\"tablepress tablepress-id-36\">\n<thead>\n<tr class=\"row-1\">\n\t<th class=\"column-1\"><strong>Research center<\/strong><\/th><th class=\"column-2\"><strong>Departamente<\/strong><\/th><th class=\"column-3\"><strong>Coordinator<\/strong><\/th><th class=\"column-4\"><strong>Institutional email address<\/strong><\/th>\n<\/tr>\n<\/thead>\n<tbody class=\"row-striping row-hover\">\n<tr class=\"row-2\">\n\t<td class=\"column-1\"><strong>Scientific Research and Technological Development Unit - UCSDT<\/strong><\/td><td class=\"column-2\"><\/td><td class=\"column-3\"><strong>Prof. Dr. Claudia B\u0103nescu - Pro-Rector for Research, Development, and Technological Transfer<\/strong><\/td><td class=\"column-4\"><a href=\"mailto:claudia.banescu@umfst.ro\">claudia.banescu@umfst.ro<\/a><\/td>\n<\/tr>\n<tr class=\"row-3\">\n\t<td class=\"column-1\">British-Romanian Academic Institute of Neurosciences<\/td><td class=\"column-2\"><\/td><td class=\"column-3\">Prof. Dr. Rodica B\u0103la\u0219a<\/td><td class=\"column-4\">rodica.balasa@umfst.ro<\/td>\n<\/tr>\n<tr class=\"row-4\">\n\t<td class=\"column-1\">Advanced Center for Medical and Pharmaceutical Research - CCAMF<\/td><td class=\"column-2\"><\/td><td class=\"column-3\">Prof.dr. Claudia B\u00e3nescu \u2013 Director<\/td><td class=\"column-4\"><a href=\"mailto:claudia.banescu@umfst.ro\">claudia.banescu@umfst.ro<\/a><\/td>\n<\/tr>\n<tr class=\"row-5\">\n\t<td class=\"column-1\"><\/td><td class=\"column-2\"><\/td><td class=\"column-3\">Prof.dr. Slevin Mark Anthony - Director \u0219tiin\u021bific\/Scientific Coordinator for CCAMF <\/td><td class=\"column-4\"><a href=\"mailto:mark.slevin@umfst.ro\">mark.slevin@umfst.ro<\/a><\/td>\n<\/tr>\n<tr class=\"row-6\">\n\t<td class=\"column-1\"><\/td><td class=\"column-2\">Laboratory of Cellular and Humoral Immunology<\/td><td class=\"column-3\">Prof.dr. Minodora Dobreanu \u2013 laboratory chief<\/td><td class=\"column-4\"><a href=\"mailto:minodora.dobreanu@umfst.ro\">minodora.dobreanu@umfst.ro<\/a><\/td>\n<\/tr>\n<tr class=\"row-7\">\n\t<td class=\"column-1\"><\/td><td class=\"column-2\">Microscopy Laboratory<\/td><td class=\"column-3\">Lecturer dr. Adela-Corina Nechifor Boil\u0103<\/td><td class=\"column-4\"><a href=\"mailto:adela.nechifor-boila@umfst.ro\">adela.nechifor-boila@umfst.ro<\/a><\/td>\n<\/tr>\n<tr class=\"row-8\">\n\t<td class=\"column-1\"><\/td><td class=\"column-2\">Genetics Laboratory<\/td><td class=\"column-3\">Prof.dr. Claudia B\u00e3nescu \u2013 1st laboratory chief<\/td><td class=\"column-4\"><a href=\"mailto:claudia.banescu@umfst.ro\">claudia.banescu@umfst.ro<\/a><\/td>\n<\/tr>\n<tr class=\"row-9\">\n\t<td class=\"column-1\"><\/td><td class=\"column-2\">Chromatography Laboratory<\/td><td class=\"column-3\">Prof.dr. Silvia Imre \u2013 laboratory chief<\/td><td class=\"column-4\"><a href=\"mailto:silvia.imre@umfst.ro\">silvia.imre@umfst.ro<\/a><\/td>\n<\/tr>\n<tr class=\"row-10\">\n\t<td class=\"column-1\"><\/td><td class=\"column-2\">Functional Explorations Laboratory<\/td><td class=\"column-3\">Prof.dr. Alina \u0218erban \u2013 laboratory chief<\/td><td class=\"column-4\"><a href=\"mailto:alina.serban@umfst.ro\">alina.serban@umfst.ro<\/a><\/td>\n<\/tr>\n<tr class=\"row-11\">\n\t<td class=\"column-1\"><\/td><td class=\"column-2\">Regenerative Medicine Laboratory<\/td><td class=\"column-3\">Harpa Marius Mihai<\/td><td class=\"column-4\"><a href=\"mailto:marius.harpa@umfst.ro\">marius.harpa@umfst.ro<\/a><\/td>\n<\/tr>\n<tr class=\"row-12\">\n\t<td class=\"column-1\">Pharmaceutical Research Center<\/td><td class=\"column-2\"><\/td><td class=\"column-3\">Prof.dr. Camil Vari \u2013 director<\/td><td class=\"column-4\"><a href=\"mailto:camil.vari@umfst.ro\">camil.vari@umfst.ro<\/a><\/td>\n<\/tr>\n<tr class=\"row-13\">\n\t<td class=\"column-1\"><\/td><td class=\"column-2\">Multidisciplinary laboratory<\/td><td class=\"column-3\">Head of Laboratory - Hancu Gabriel<\/td><td class=\"column-4\"><a href=\"mailto:gabriel.hancu@umfst.ro\">gabriel.hancu@umfst.ro<\/a>\u00a0<\/td>\n<\/tr>\n<tr class=\"row-14\">\n\t<td class=\"column-1\"><\/td><td class=\"column-2\">Drug Testing Laboratory<\/td><td class=\"column-3\">Asist. Prof. dr. Ion Valentin \u2013 Head of Laboratory<\/td><td class=\"column-4\"><a href=\"mailto:valentin.ion@umfst.ro\">valentin.ion@umfst.ro<\/a><\/td>\n<\/tr>\n<tr class=\"row-15\">\n\t<td class=\"column-1\">Preclinical Studies Laboratory<\/td><td class=\"column-2\"><\/td><td class=\"column-3\">Lecturer dr. B\u00e1n Erika-Gy\u00f6ngyi<\/td><td class=\"column-4\"><a href=\"mailto:erika.ban@umfst.ro\">erika.ban@umfst.ro<\/a><\/td>\n<\/tr>\n<tr class=\"row-16\">\n\t<td class=\"column-1\">Laboratory of Diagnostics and Translational Research in Infections<\/td><td class=\"column-2\"><\/td><td class=\"column-3\">Prof.dr. Anca-Meda V\u0103sie\u0219iu-director<\/td><td class=\"column-4\"><a href=\"mailto:anca-meda.vasiesiu@umfst.ro\">anca-meda.vasiesiu@umfst.ro<\/a><\/td>\n<\/tr>\n<tr class=\"row-17\">\n\t<td class=\"column-1\">Center for Experimental Studies<\/td><td class=\"column-2\">Experimental Station<\/td><td class=\"column-3\">Prof.dr. Camil Vari - director<\/td><td class=\"column-4\"><a href=\"mailto:camil.vari@umfst.ro\">camil.vari@umfst.ro<\/a><\/td>\n<\/tr>\n<tr class=\"row-18\">\n\t<td class=\"column-1\"><\/td><td class=\"column-2\">Biobase<\/td><td class=\"column-3\">Prof.dr. Camil Vari - director<\/td><td class=\"column-4\"><a href=\"mailto:camil.vari@umfst.ro\">camil.vari@umfst.ro<\/a><\/td>\n<\/tr>\n<tr class=\"row-19\">\n\t<td class=\"column-1\">Center for Studies in Law, Economics, and Business<\/td><td class=\"column-2\"><\/td><td class=\"column-3\">Assoc. Prof. dr. Calin Adrian Comes \u2013 institutional coordinator<\/td><td class=\"column-4\"><a href=\"\/en\/calin.comes@umfst.ro\/\">calin.comes@umfst.ro<\/a><\/td>\n<\/tr>\n<tr class=\"row-20\">\n\t<td class=\"column-1\"><\/td><td class=\"column-2\">Department of Entrepreneurial Studies and Education<\/td><td class=\"column-3\">Assoc. Prof. dr. Liviu Ciucan-Rusu - director<\/td><td class=\"column-4\"><a href=\"mailto:liviu.ciucan-rusu@umfst.ro\">liviu.ciucan-rusu@umfst.ro<\/a><\/td>\n<\/tr>\n<tr class=\"row-21\">\n\t<td class=\"column-1\"><\/td><td class=\"column-2\">Dept. of Applied Research in Law and Business<\/td><td class=\"column-3\">Assoc. Prof. dr. Daniela Valea<\/td><td class=\"column-4\"><a href=\"\/en\/mailto daniela.valea@umfst.ro\/\">daniela.valea@umfst.ro<\/a><\/td>\n<\/tr>\n<tr class=\"row-22\">\n\t<td class=\"column-1\"><\/td><td class=\"column-2\">Dept. Economic Research<\/td><td class=\"column-3\">Assoc. Prof. dr. Rozalia Gabor - director<\/td><td class=\"column-4\"><a href=\"mailto:manuela.gabor@umfst.ro\">manuela.gabor@umfst.ro<\/a><\/td>\n<\/tr>\n<tr class=\"row-23\">\n\t<td class=\"column-1\"><\/td><td class=\"column-2\">Department of Studies for Data Protection<\/td><td class=\"column-3\">Assoc. Prof. dr. Nicolae-Drago\u0219 Ploe\u0219teanu \u2013 director<\/td><td class=\"column-4\"><a href=\"mailto:nicolae.ploesteanu@umfst.ro\">nicolae.ploesteanu@umfst.ro<\/a><\/td>\n<\/tr>\n<tr class=\"row-24\">\n\t<td class=\"column-1\">Center for Philological, Historical and Cultural Research<\/td><td class=\"column-2\"><\/td><td class=\"column-3\">Prof.dr. Iulian Boldea \u2013 institutional coordinator<\/td><td class=\"column-4\"><a href=\"mailto:iulian.boldea@umfst.ro\">iulian.boldea@umfst.ro<\/a><\/td>\n<\/tr>\n<tr class=\"row-25\">\n\t<td class=\"column-1\"><\/td><td class=\"column-2\">Dept. Applied Literary and Linguistic Studies<\/td><td class=\"column-3\">Prof.dr. Iulian Boldea - director<\/td><td class=\"column-4\"><a href=\"mailto:iulian.boldea@umfst.ro\">iulian.boldea@umfst.ro<\/a><\/td>\n<\/tr>\n<tr class=\"row-26\">\n\t<td class=\"column-1\"><\/td><td class=\"column-2\">Department of Historical and Cultural Studies<\/td><td class=\"column-3\">Assoc. Prof. dr. Giordano Altarozzi - director<\/td><td class=\"column-4\"><a href=\"mailto:giordano.altarozzi@umfst.ro\">giordano.altarozzi@umfst.ro<\/a><\/td>\n<\/tr>\n<tr class=\"row-27\">\n\t<td class=\"column-1\"><\/td><td class=\"column-2\">Public Opinion Survey Department<\/td><td class=\"column-3\">Prof.dr. Vasile Cernat - director<\/td><td class=\"column-4\"><a href=\"mailto:vasile.cernat@umfst.ro\">vasile.cernat@umfst.ro<\/a><\/td>\n<\/tr>\n<tr class=\"row-28\">\n\t<td class=\"column-1\">Advanced Research Center in Information Technology\/Research Center on Artificial Intelligence, Data Science and Smart Engineering (Artemis)<\/td><td class=\"column-2\"><\/td><td class=\"column-3\">Assoc. Prof. dr. ing. Iantovics Barna - director<\/td><td class=\"column-4\"><a href=\"mailto:barna.iantovics@umfst.ro\">barna.iantovics@umfst.ro<\/a><\/td>\n<\/tr>\n<tr class=\"row-29\">\n\t<td class=\"column-1\">Center for Interdisciplinary Biomedical Research<\/td><td class=\"column-2\"><\/td><td class=\"column-3\">Prof. dr. ing. Dorin Bic\u0103 \u2013 director<\/td><td class=\"column-4\"><a href=\"mailto:dorin.bica@umfst.ro\">dorin.bica@umfst.ro<\/a><\/td>\n<\/tr>\n<tr class=\"row-30\">\n\t<td class=\"column-1\">Center for Research in Quality Engineering and Digital Manufacturing<\/td><td class=\"column-2\"><\/td><td class=\"column-3\">Prof. dr.ing. habil. Liviu Moldovan - director<\/td><td class=\"column-4\"><a href=\"mailto:liviu.moldovan@umfst.ro\">liviu.moldovan@umfst.ro<\/a><\/td>\n<\/tr>\n<tr class=\"row-31\">\n\t<td class=\"column-1\">Junior Researcher Academy<\/td><td class=\"column-2\"><\/td><td class=\"column-3\">Lecturer dr. Andreea Pricopie - Director<\/td><td class=\"column-4\"><a href=\"mailto:andreea.pricopie@umfst.ro\">andreea.pricopie@umfst.ro<\/a><\/td>\n<\/tr>\n<tr class=\"row-32\">\n\t<td class=\"column-1\">Centrul de Cercet\u0103ri pentru Plante Medicinale \u0219i Aromatice<\/td><td class=\"column-2\"><\/td><td class=\"column-3\">Prof. univ. dr. Corneliu Tanase - \u0218ef laborator<\/td><td class=\"column-4\"><a href=\"mailto:corneliu.tanase@umfst.ro\">corneliu.tanase@umfst.ro<\/a><\/td>\n<\/tr>\n<tr class=\"row-33\">\n\t<td class=\"column-1\">Centrul de Cercetare \u00een Oncopatologie \u0219i Medicina Transla\u021bional\u0103<\/td><td class=\"column-2\"><\/td><td class=\"column-3\">Prof. univ. dr. Simona Gurzu - Coordonator<\/td><td class=\"column-4\"><a href=\"mailto:simona.gurzu@umfst.ro\">liviu.moldovan@umfst.ro<\/a><\/td>\n<\/tr>\n<\/tbody>\n<\/table>\n<!-- #tablepress-36 from cache -->    <\/div>\n<\/div>\n<!-- \/module plain text -->        <\/div>\n                        <\/div>\n        <\/div>\n                        <div  data-lazy=\"1\" class=\"module_row themify_builder_row tb_1jew20 tf_w\">\n                        <div class=\"row_inner col_align_middle tb_col_count_1 tf_box tf_rel\">\n                        <div  data-lazy=\"1\" class=\"module_column tb-column col-full tb_udbx20 first\">\n                    <!-- module fancy heading -->\n<div  class=\"module module-fancy-heading tb_zupx597\" data-lazy=\"1\">\n        <h1 class=\"fancy-heading tf_textc\">\n    <span class=\"main-head tf_block\">\n                    <b>U2B Infrastructure<\/b>            <\/span>\n\n    \n    <span class=\"sub-head tf_block tf_rel\">\n                                <\/span>\n    <\/h1>\n<\/div>\n<!-- \/module fancy heading -->\n<!-- module accordion -->\n<div  class=\"module module-accordion tb_dezo702\" data-behavior=\"toggle\" data-lazy=\"1\">\n    \n    <ul class=\"ui module-accordion separate  transparent\">\n            <li>\n            <div class=\"accordion-title tf_rel\">\n                <a href=\"#acc-dezo702-0\" class=\"tb_title_accordion\" aria-controls=\"acc-dezo702-0-content\" aria-expanded=\"false\">\n                    <i class=\"accordion-icon\"><svg  class=\"tf_fa tf-ti-plus\" aria-hidden=\"true\"><use href=\"#tf-ti-plus\"><\/use><\/svg><\/i>                    <i class=\"accordion-active-icon tf_hide\"><svg  class=\"tf_fa tf-ti-minus\" aria-hidden=\"true\"><use href=\"#tf-ti-minus\"><\/use><\/svg><\/i>                    <span class=\"accordion-title-wrap\">TEAMCUBATOR - Network of inspirational spaces adapted for teamwork<\/span>                <\/a>\n            <\/div><!-- .accordion-title -->\n            <div id=\"acc-dezo702-0-content\" data-id=\"acc-dezo702-0\" aria-hidden=\"true\" class=\"accordion-content tf_hide tf_clearfix\">\n                        <div  data-lazy=\"1\" class=\"module_subrow themify_builder_sub_row tf_w col_align_middle tb_col_count_1 tb_y4ei907\">\n                <div  data-lazy=\"1\" class=\"module_column sub_column tb_wh9j907 first\">\n                    <!-- module text -->\n<div  class=\"module module-text tb_o9mi907\" data-lazy=\"1\">\n        <div  class=\"tb_text_wrap\">\n        <table style=\"border-collapse: collapse; width: 100%;\">\n<tbody>\n<tr>\n<td style=\"width: 52.8708%;\">\n<p>We want to create a network of rooms\/spaces that, through a modern approach and design, will provide the physical framework accessible to the entire academic community and the business community for teamwork on various projects.\u00a0\u00a0<\/p>\n<p class=\"translation-block\">Teamcubator 1 \u2013 Republicii Street, no. 38 (Room B25)<\/p>\n<p class=\"translation-block\">Teamcubator 2 \u2013 Livezeni Street, No. 69 (room C28)<\/p>\n<p>Teamcubator 3 \u2013 Nicolae Iorga Street No. 1 (Bistro annex).<\/p>\n<\/td>\n<td style=\"width: 47.1292%;\"><img fetchpriority=\"high\" decoding=\"async\" class=\"alignnone size-full wp-image-27611 aligncenter\" src=\"https:\/\/u2b.umfst.ro\/wp-content\/uploads\/2023\/07\/WhatsApp-Image-2023-06-28-at-10.18.16-2.jpeg\" alt=\"\" width=\"588\" height=\"348\" srcset=\"https:\/\/u2b.umfst.ro\/wp-content\/uploads\/2023\/07\/WhatsApp-Image-2023-06-28-at-10.18.16-2.jpeg 1942w, https:\/\/u2b.umfst.ro\/wp-content\/uploads\/2023\/07\/WhatsApp-Image-2023-06-28-at-10.18.16-2-300x178.jpeg 300w, https:\/\/u2b.umfst.ro\/wp-content\/uploads\/2023\/07\/WhatsApp-Image-2023-06-28-at-10.18.16-2-1024x607.jpeg 1024w, https:\/\/u2b.umfst.ro\/wp-content\/uploads\/2023\/07\/WhatsApp-Image-2023-06-28-at-10.18.16-2-768x456.jpeg 768w, https:\/\/u2b.umfst.ro\/wp-content\/uploads\/2023\/07\/WhatsApp-Image-2023-06-28-at-10.18.16-2-1536x911.jpeg 1536w, https:\/\/u2b.umfst.ro\/wp-content\/uploads\/2023\/07\/WhatsApp-Image-2023-06-28-at-10.18.16-2-1320x783.jpeg 1320w\" sizes=\"(max-width: 588px) 100vw, 588px\" \/><\/td>\n<\/tr>\n<\/tbody>\n<\/table>    <\/div>\n<\/div>\n<!-- \/module text -->        <\/div>\n                    <\/div>\n                    <\/div><!-- .accordion-content -->\n        <\/li>\n            <li>\n            <div class=\"accordion-title tf_rel\">\n                <a href=\"#acc-dezo702-1\" class=\"tb_title_accordion\" aria-controls=\"acc-dezo702-1-content\" aria-expanded=\"false\">\n                    <i class=\"accordion-icon\"><svg  class=\"tf_fa tf-ti-plus\" aria-hidden=\"true\"><use href=\"#tf-ti-plus\"><\/use><\/svg><\/i>                    <i class=\"accordion-active-icon tf_hide\"><svg  class=\"tf_fa tf-ti-minus\" aria-hidden=\"true\"><use href=\"#tf-ti-minus\"><\/use><\/svg><\/i>                    <span class=\"accordion-title-wrap\">THINKUBATOR - Innovation space for entrepreneurial ideas<\/span>                <\/a>\n            <\/div><!-- .accordion-title -->\n            <div id=\"acc-dezo702-1-content\" data-id=\"acc-dezo702-1\" aria-hidden=\"true\" class=\"accordion-content tf_hide tf_clearfix\">\n                        <div  data-lazy=\"1\" class=\"module_subrow themify_builder_sub_row tf_w col_align_middle tb_col_count_1 tb_wf9v906\">\n                <div  data-lazy=\"1\" class=\"module_column sub_column tb_mptr906 first\">\n                    <!-- module text -->\n<div  class=\"module module-text tb_rxmw906\" data-lazy=\"1\">\n        <div  class=\"tb_text_wrap\">\n        <p><img decoding=\"async\" src=\"https:\/\/u2b.umfst.ro\/wp-content\/uploads\/2019\/10\/thinkubator.png\"><\/p>\n<p style=\"text-align: left;\">The Student Entrepreneurial Society at the University of Medicine, Pharmacy, Sciences and Technology in T\u00e2rgu Mure\u0219 has access to a space with three rooms, located on the semi-basement of building B, situated in T\u00e2rgu Mure\u0219, Republic Square 38. \"Thinkubator\" is a comfortable environment suitable for meetings in small groups of up to 12 people, dedicated to innovation. The equipment in the incubation space includes: adjustable table, office desks and chairs, armchairs, conference table, whiteboards, trainer kit, screen, and projector.\u00a0<\/p>\n<p>The main advantages of the incubator lie in the possibilities it offers for encouraging collaboration among heterogeneous groups from different fields, with varying levels of expertise and experience. By removing individuals from their daily work contexts, participants' minds are opened and creativity and enthusiasm reach their peak. The incubator is intended to help students, along with teachers and representatives from the business environment in the region, gain a better understanding of how to collaborate and innovate. The incubator is also ideal for anyone looking for a place to showcase their ideas and find collaborators.<\/p>    <\/div>\n<\/div>\n<!-- \/module text -->        <\/div>\n                    <\/div>\n                    <\/div><!-- .accordion-content -->\n        <\/li>\n        <\/ul>\n\n<\/div><!-- \/module accordion -->        <\/div>\n                        <\/div>\n        <\/div>\n        <\/div>\n<!--\/themify_builder_content-->","protected":false},"excerpt":{"rendered":"","protected":false},"author":8,"featured_media":0,"parent":0,"menu_order":0,"comment_status":"closed","ping_status":"closed","template":"","meta":{"footnotes":""},"class_list":["post-25568","page","type-page","status-publish","hentry","has-post-title","has-post-date","has-post-category","has-post-tag","has-post-comment","has-post-author",""],"aioseo_notices":[],"builder_content":"<h1><b>Infrastructur\u0103 de cercetare<\/b><br\/><\/h1>\n[table id=36 \/]\n<h1><b>Infrastructur\u0103 U2B<\/b><br\/><\/h1>\n<ul><li><h4>TEAMCUBATOR - Re\u021bea de spa\u021bii inspira\u021bionale adaptate pentru lucru \u00een echip\u0103<\/h4><table style=\"border-collapse: collapse; width: 100%;\"> <tbody> <tr> <td style=\"width: 52.8708%;\"> <p>Dorim crearea unei re\u021bele de s\u0103li\/spa\u021bii care printr-o abordare \u0219i amenajare moderne s\u0103 constituie cadrul fizic, accesibil intregii comunit\u0103\u021bi academice \u0219i comunit\u0103\u021bii de business pentru lucru \u00een echipe pentru diferite proiecte.\u00a0\u00a0<\/p> <p>Teamcubator 1 \u2013 str. Republicii, nr. 38 (sala B25);<\/p> <p>Teamcubator 2 \u2013 str. Livezeni, nr. 69 (sala C28);<\/p> <p>Teamcubator 3 - str. Nicolae Iorga nr. 1 (anexa Bistro).<\/p> <\/td> <td style=\"width: 47.1292%;\"><img decoding=\"async\" src=\"https:\/\/u2b.umfst.ro\/wp-content\/uploads\/2023\/07\/WhatsApp-Image-2023-06-28-at-10.18.16-2.jpeg\" alt=\"\" width=\"588\" height=\"348\" srcset=\"https:\/\/u2b.umfst.ro\/wp-content\/uploads\/2023\/07\/WhatsApp-Image-2023-06-28-at-10.18.16-2.jpeg 1942w, https:\/\/u2b.umfst.ro\/wp-content\/uploads\/2023\/07\/WhatsApp-Image-2023-06-28-at-10.18.16-2-300x178.jpeg 300w, https:\/\/u2b.umfst.ro\/wp-content\/uploads\/2023\/07\/WhatsApp-Image-2023-06-28-at-10.18.16-2-1024x607.jpeg 1024w, https:\/\/u2b.umfst.ro\/wp-content\/uploads\/2023\/07\/WhatsApp-Image-2023-06-28-at-10.18.16-2-768x456.jpeg 768w, https:\/\/u2b.umfst.ro\/wp-content\/uploads\/2023\/07\/WhatsApp-Image-2023-06-28-at-10.18.16-2-1536x911.jpeg 1536w, https:\/\/u2b.umfst.ro\/wp-content\/uploads\/2023\/07\/WhatsApp-Image-2023-06-28-at-10.18.16-2-1320x783.jpeg 1320w\" sizes=\"(max-width: 588px) 100vw, 588px\" \/><\/td> <\/tr> <\/tbody> <\/table><\/li><li><h4>THINKUBATOR - Spa\u021biu de inovare pentru idei antreprenoriale<\/h4><p><img decoding=\"async\" src=\"https:\/\/u2b.umfst.ro\/wp-content\/uploads\/2019\/10\/thinkubator.png\"><\/p> <p style=\"text-align: left;\">Societatea Antreprenorial\u0103 Studen\u021beasc\u0103 din cadrul Universit\u0103\u021bii de Medicin\u0103, Farmacie, \u0218tiin\u021be \u0219i Tehnologie din T\u00e2rgu Mure\u0219 are la dispozi\u021bie un spa\u021biu cu trei camere, situat la demi-solul cl\u0103dirii corp B, situat\u0103 \u00een T\u00e2rgu Mure\u0219, p-ta Republicii 38. \u201eThinkubator\u201d\u00a0 este un mediu confortabil potrivit pentru \u00eent\u00e2lniri \u00een grupuri mici de p\u00e2n\u0103 la 12 persoane, dedicate inov\u0103rii. Echipamentele spa\u021biului de incubare sunt: mas\u0103 reglabil\u0103, mese \u0219i scaune de birou, fotolii, mas\u0103 de conferin\u021b\u0103, panouri albe, Kit trainer, ecran, videoproiector\u00a0<\/p> <p>Principalele avantaje al incubatorului constau \u00een posibilit\u0103\u021bile pe care acesta le ofer\u0103 pentru \u00eencurajarea colabor\u0103rii grupurilor eterogene din diferite domenii, cu niveluri diferite de expertiz\u0103 \u0219i experien\u021b\u0103. Prin scoaterea persoanelor din contextele lor de lucru de zi cu zi, min\u021bile participan\u021bilor sunt deschise, iar creativitatea \u0219i entuziasmul ajung la maxim. Incubatorul este menit s\u0103 ajute studen\u021bii ca, \u00eempreun\u0103 cu profesorii \u0219i reprezentan\u021bi ai mediului de afaceri din regiune, s\u0103 dob\u00e2ndeasc\u0103 o mai bun\u0103 \u00een\u021belegere a modului de colaborare \u0219i inovare. Incubatorul este, de asemenea, ideal pentru oricine caut\u0103 un loc unde s\u0103 \u00ee\u0219i expun\u0103 ideile \u0219i s\u0103 gaseasc\u0103 colaboratori.<\/p><\/li><\/ul>\n<table style=\"border-collapse: collapse; width: 100%;\"> <tbody> <tr> <td style=\"width: 52.8708%;\"> <p>Dorim crearea unei re\u021bele de s\u0103li\/spa\u021bii care printr-o abordare \u0219i amenajare moderne s\u0103 constituie cadrul fizic, accesibil intregii comunit\u0103\u021bi academice \u0219i comunit\u0103\u021bii de business pentru lucru \u00een echipe pentru diferite proiecte.\u00a0\u00a0<\/p> <p>Teamcubator 1 \u2013 str. Republicii, nr. 38 (sala B25);<\/p> <p>Teamcubator 2 \u2013 str. Livezeni, nr. 69 (sala C28);<\/p> <p>Teamcubator 3 - str. Nicolae Iorga nr. 1 (anexa Bistro).<\/p> <\/td> <td style=\"width: 47.1292%;\"><img decoding=\"async\" src=\"https:\/\/u2b.umfst.ro\/wp-content\/uploads\/2023\/07\/WhatsApp-Image-2023-06-28-at-10.18.16-2.jpeg\" alt=\"\" width=\"588\" height=\"348\" srcset=\"https:\/\/u2b.umfst.ro\/wp-content\/uploads\/2023\/07\/WhatsApp-Image-2023-06-28-at-10.18.16-2.jpeg 1942w, https:\/\/u2b.umfst.ro\/wp-content\/uploads\/2023\/07\/WhatsApp-Image-2023-06-28-at-10.18.16-2-300x178.jpeg 300w, https:\/\/u2b.umfst.ro\/wp-content\/uploads\/2023\/07\/WhatsApp-Image-2023-06-28-at-10.18.16-2-1024x607.jpeg 1024w, https:\/\/u2b.umfst.ro\/wp-content\/uploads\/2023\/07\/WhatsApp-Image-2023-06-28-at-10.18.16-2-768x456.jpeg 768w, https:\/\/u2b.umfst.ro\/wp-content\/uploads\/2023\/07\/WhatsApp-Image-2023-06-28-at-10.18.16-2-1536x911.jpeg 1536w, https:\/\/u2b.umfst.ro\/wp-content\/uploads\/2023\/07\/WhatsApp-Image-2023-06-28-at-10.18.16-2-1320x783.jpeg 1320w\" sizes=\"(max-width: 588px) 100vw, 588px\" \/><\/td> <\/tr> <\/tbody> <\/table>\n<p><img decoding=\"async\" src=\"https:\/\/u2b.umfst.ro\/wp-content\/uploads\/2019\/10\/thinkubator.png\"><\/p> <p style=\"text-align: left;\">Societatea Antreprenorial\u0103 Studen\u021beasc\u0103 din cadrul Universit\u0103\u021bii de Medicin\u0103, Farmacie, \u0218tiin\u021be \u0219i Tehnologie din T\u00e2rgu Mure\u0219 are la dispozi\u021bie un spa\u021biu cu trei camere, situat la demi-solul cl\u0103dirii corp B, situat\u0103 \u00een T\u00e2rgu Mure\u0219, p-ta Republicii 38. \u201eThinkubator\u201d\u00a0 este un mediu confortabil potrivit pentru \u00eent\u00e2lniri \u00een grupuri mici de p\u00e2n\u0103 la 12 persoane, dedicate inov\u0103rii. Echipamentele spa\u021biului de incubare sunt: mas\u0103 reglabil\u0103, mese \u0219i scaune de birou, fotolii, mas\u0103 de conferin\u021b\u0103, panouri albe, Kit trainer, ecran, videoproiector\u00a0<\/p> <p>Principalele avantaje al incubatorului constau \u00een posibilit\u0103\u021bile pe care acesta le ofer\u0103 pentru \u00eencurajarea colabor\u0103rii grupurilor eterogene din diferite domenii, cu niveluri diferite de expertiz\u0103 \u0219i experien\u021b\u0103. Prin scoaterea persoanelor din contextele lor de lucru de zi cu zi, min\u021bile participan\u021bilor sunt deschise, iar creativitatea \u0219i entuziasmul ajung la maxim. Incubatorul este menit s\u0103 ajute studen\u021bii ca, \u00eempreun\u0103 cu profesorii \u0219i reprezentan\u021bi ai mediului de afaceri din regiune, s\u0103 dob\u00e2ndeasc\u0103 o mai bun\u0103 \u00een\u021belegere a modului de colaborare \u0219i inovare. Incubatorul este, de asemenea, ideal pentru oricine caut\u0103 un loc unde s\u0103 \u00ee\u0219i expun\u0103 ideile \u0219i s\u0103 gaseasc\u0103 colaboratori.<\/p>","_links":{"self":[{"href":"https:\/\/u2b.umfst.ro\/en\/wp-json\/wp\/v2\/pages\/25568","targetHints":{"allow":["GET"]}}],"collection":[{"href":"https:\/\/u2b.umfst.ro\/en\/wp-json\/wp\/v2\/pages"}],"about":[{"href":"https:\/\/u2b.umfst.ro\/en\/wp-json\/wp\/v2\/types\/page"}],"author":[{"embeddable":true,"href":"https:\/\/u2b.umfst.ro\/en\/wp-json\/wp\/v2\/users\/8"}],"replies":[{"embeddable":true,"href":"https:\/\/u2b.umfst.ro\/en\/wp-json\/wp\/v2\/comments?post=25568"}],"version-history":[{"count":0,"href":"https:\/\/u2b.umfst.ro\/en\/wp-json\/wp\/v2\/pages\/25568\/revisions"}],"wp:attachment":[{"href":"https:\/\/u2b.umfst.ro\/en\/wp-json\/wp\/v2\/media?parent=25568"}],"curies":[{"name":"wp","href":"https:\/\/api.w.org\/{rel}","templated":true}]}}