{"id":24965,"date":"2023-06-26T14:49:38","date_gmt":"2023-06-26T11:49:38","guid":{"rendered":"https:\/\/u2b.umfst.ro\/?page_id=24965"},"modified":"2025-02-21T14:53:57","modified_gmt":"2025-02-21T12:53:57","slug":"sas-umfst","status":"publish","type":"page","link":"https:\/\/u2b.umfst.ro\/en\/sas-umfst\/","title":{"rendered":"SAS UMFST &#8211; University to Business"},"content":{"rendered":"<!--themify_builder_content-->\n<div id=\"themify_builder_content-24965\" data-postid=\"24965\" class=\"themify_builder_content themify_builder_content-24965 themify_builder tf_clear\">\n                    <div  data-lazy=\"1\" class=\"module_row themify_builder_row tb_90z3399 tb_first tf_w\">\n                        <div class=\"row_inner col_align_middle tb_col_count_2 tf_box tf_rel\">\n                        <div  data-lazy=\"1\" class=\"module_column tb-column col4-2 tb_pbp8399 first\">\n        <span  class=\"builder_row_cover tf_abs\" data-lazy=\"1\"><\/span>            <!-- module fancy heading -->\n<div  class=\"module module-fancy-heading tb_pxl4755\" data-lazy=\"1\">\n        <h1 class=\"fancy-heading\">\n    <span class=\"main-head tf_block\">\n                    <b>Student Entrepreneurial Society<\/b>            <\/span>\n\n    \n    <span class=\"sub-head tf_block tf_rel\">\n                                <\/span>\n    <\/h1>\n<\/div>\n<!-- \/module fancy heading -->\n<!-- module text -->\n<div  class=\"module module-text tb_8kig829\" data-lazy=\"1\">\n        <div  class=\"tb_text_wrap\">\n        <p style=\"text-align: justify;\">S.E.S. is a support structure of \"George Emil Palade\" UMPhST T\u00e2rgu Mure\u0219, whose mission is to organize and carry out activities aimed at promoting entrepreneurship among the university's students.<\/p>    <\/div>\n<\/div>\n<!-- \/module text -->        <\/div>\n                    <div  data-lazy=\"1\" class=\"module_column tb-column col4-2 tb_g8jg40 last\">\n                    <!-- module image -->\n<div  class=\"module module-image tb_2w1q40 image-top   tf_mw\" data-lazy=\"1\">\n        <div class=\"image-wrap tf_rel tf_mw\">\n            <img fetchpriority=\"high\" decoding=\"async\" width=\"5417\" height=\"5197\" src=\"https:\/\/u2b.umfst.ro\/wp-content\/uploads\/2023\/07\/LOGO_SAS_FINAL.png\" class=\"wp-post-image wp-image-27572\" title=\"LOGO_SAS_FINAL\" alt=\"LOGO_SAS_FINAL\" srcset=\"https:\/\/u2b.umfst.ro\/wp-content\/uploads\/2023\/07\/LOGO_SAS_FINAL.png 5417w, https:\/\/u2b.umfst.ro\/wp-content\/uploads\/2023\/07\/LOGO_SAS_FINAL-300x288.png 300w, https:\/\/u2b.umfst.ro\/wp-content\/uploads\/2023\/07\/LOGO_SAS_FINAL-1024x982.png 1024w, https:\/\/u2b.umfst.ro\/wp-content\/uploads\/2023\/07\/LOGO_SAS_FINAL-768x737.png 768w, https:\/\/u2b.umfst.ro\/wp-content\/uploads\/2023\/07\/LOGO_SAS_FINAL-1536x1474.png 1536w, https:\/\/u2b.umfst.ro\/wp-content\/uploads\/2023\/07\/LOGO_SAS_FINAL-2048x1965.png 2048w, https:\/\/u2b.umfst.ro\/wp-content\/uploads\/2023\/07\/LOGO_SAS_FINAL-1320x1266.png 1320w, https:\/\/u2b.umfst.ro\/wp-content\/uploads\/2023\/07\/LOGO_SAS_FINAL-1024x982-200x191.png 200w, https:\/\/u2b.umfst.ro\/wp-content\/uploads\/2023\/07\/LOGO_SAS_FINAL-1024x982-210x200.png 210w\" sizes=\"(max-width: 5417px) 100vw, 5417px\" \/>    \n        <\/div>\n    <!-- \/image-wrap -->\n    \n        <\/div>\n<!-- \/module image -->        <\/div>\n                        <\/div>\n        <\/div>\n                        <div  data-css_id=\"ges7527\" data-lazy=\"1\" class=\"module_row themify_builder_row fullheight fullwidth tb_ges7527 tf_w\">\n                        <div class=\"row_inner col_align_middle gutter-none tb_col_count_4 tf_box tf_rel\">\n                        <div  data-lazy=\"1\" class=\"module_column tb-column col4-1 tb_bmbz527 first\">\n        <span  class=\"builder_row_cover tf_abs\" data-lazy=\"1\"><\/span>            <!-- module text -->\n<div  class=\"module module-text tb_q3ra527    wow\" data-tf-animation=\"fadeInDownBig\" data-lazy=\"1\">\n        <div  class=\"tb_text_wrap\">\n        <h3 style=\"text-align: center;\">Media and Visibility<\/h3>\n<h3 style=\"text-align: center;\">On-line<\/h3>    <\/div>\n<\/div>\n<!-- \/module text --><!-- module buttons -->\n<div  class=\"module module-buttons tb_n5uu527 buttons-horizontal outline   rounded\" data-lazy=\"1\">\n        <div class=\"module-buttons-item tf_in_flx\">\n                        <a href=\"https:\/\/u2b.umfst.ro\/en\/mediasas\/\" class=\"ui builder_button tf_in_flx tb_default_color\" >\n                                                See more                                        <\/a>\n                <\/div>\n            <\/div>\n<!-- \/module buttons -->\n        <\/div>\n                    <div  data-lazy=\"1\" class=\"module_column tb-column col4-1 tb_6h4a528\">\n        <span  class=\"builder_row_cover tf_abs\" data-lazy=\"1\"><\/span>            <!-- module text -->\n<div  class=\"module module-text tb_6njz528    wow\" data-tf-animation=\"fadeInDownBig\" data-lazy=\"1\">\n        <div  class=\"tb_text_wrap\">\n        <h3>The Development of Entrepreneurial Skills<\/h3>    <\/div>\n<\/div>\n<!-- \/module text --><!-- module buttons -->\n<div  class=\"module module-buttons tb_ohjl528 buttons-horizontal outline   rounded\" data-lazy=\"1\">\n        <div class=\"module-buttons-item tf_in_flx\">\n                        <a href=\"https:\/\/u2b.umfst.ro\/en\/digitrans\/\" class=\"ui builder_button tf_in_flx tb_default_color\" >\n                                                See more                                        <\/a>\n                <\/div>\n            <\/div>\n<!-- \/module buttons -->\n        <\/div>\n                    <div  data-lazy=\"1\" class=\"module_column tb-column col4-1 tb_mdfi528\">\n        <span  class=\"builder_row_cover tf_abs\" data-lazy=\"1\"><\/span>            <!-- module text -->\n<div  class=\"module module-text tb_ngv2528    wow\" data-tf-animation=\"fadeInDownBig\" data-lazy=\"1\">\n        <div  class=\"tb_text_wrap\">\n        <h3>B.E.S.T. International Summer Academy<\/h3>    <\/div>\n<\/div>\n<!-- \/module text --><!-- module buttons -->\n<div  class=\"module module-buttons tb_geug528 buttons-horizontal outline   rounded\" data-lazy=\"1\">\n        <div class=\"module-buttons-item tf_in_flx\">\n                        <a href=\"https:\/\/u2b.umfst.ro\/en\/bestory\/\" class=\"ui builder_button tf_in_flx tb_default_color\" >\n                                                See more                                        <\/a>\n                <\/div>\n            <\/div>\n<!-- \/module buttons -->\n        <\/div>\n                    <div  data-lazy=\"1\" class=\"module_column tb-column col4-1 tb_cwq1528 last\">\n        <span  class=\"builder_row_cover tf_abs\" data-lazy=\"1\"><\/span>            <!-- module text -->\n<div  class=\"module module-text tb_qylu528    wow\" data-tf-animation=\"fadeInDownBig\" data-lazy=\"1\">\n        <div  class=\"tb_text_wrap\">\n        <h3>Organization and functioning of S.E.S.<\/h3>    <\/div>\n<\/div>\n<!-- \/module text --><!-- module buttons -->\n<div  class=\"module module-buttons tb_umij528 buttons-horizontal outline   rounded\" data-lazy=\"1\">\n        <div class=\"module-buttons-item tf_in_flx\">\n                        <a href=\"https:\/\/u2b.umfst.ro\/en\/organizare-sas\/\" class=\"ui builder_button tf_in_flx tb_default_color\" >\n                                                See more                                        <\/a>\n                <\/div>\n            <\/div>\n<!-- \/module buttons -->\n        <\/div>\n                        <\/div>\n        <\/div>\n                        <div  data-parallax-bg=\"desktop\" data-css_id=\"7k57180\" data-lazy=\"1\" class=\"module_row themify_builder_row fullheight fullwidth_row_container tb_7k57180 tf_w\">\n                        <div class=\"row_inner col_align_middle tb_col_count_1 tf_box tf_rel\">\n                        <div  data-lazy=\"1\" class=\"module_column tb-column col-full tb_skf6180 first\">\n                    <!-- module video -->\n<div  class=\"module module-video tb_uagg858 video-top\" data-lazy=\"1\">\n                    <div class=\"video-wrap-outer\">\n            <div class=\"video-wrap tf_rel tf_overflow\">\n                                    <noscript><iframe data-no-script src=\"https:\/\/www.youtube.com\/embed\/rYPdS-Pi3Ro?pip=1&#038;playsinline=1\" allow=\"accelerometer;encrypted-media;gyroscope;picture-in-picture;fullscreen\" class=\"tf_abs tf_w tf_h\"><\/iframe><\/noscript>\n                                <\/div>\n            <!-- \/video-wrap -->\n        <\/div>\n        <!-- \/video-wrap-outer -->\n            <\/div>\n        <\/div>\n                        <\/div>\n        <\/div>\n        <\/div>\n<!--\/themify_builder_content-->","protected":false},"excerpt":{"rendered":"<p>S.E.S. is a support structure of \"George Emil Palade\" UMPhST T\u00e2rgu Mure\u0219, whose mission is to organize and carry out activities aimed at promoting entrepreneurship among the university's students.<\/p>","protected":false},"author":8,"featured_media":0,"parent":0,"menu_order":0,"comment_status":"closed","ping_status":"closed","template":"","meta":{"footnotes":""},"class_list":["post-24965","page","type-page","status-publish","hentry","has-post-title","has-post-date","has-post-category","has-post-tag","has-post-comment","has-post-author",""],"aioseo_notices":[],"builder_content":"<h1><b>Societatea Antreprenorial\u0103 Studen\u021beasc\u0103<\/b><br\/><\/h1>\n<p style=\"text-align: justify;\">S.A.S. este o structur\u0103 suport a UMFST \u201eGeorge Emil Palade\u201d\u00a0 T\u00e2rgu Mure\u0219, care are ca misiune organizarea \u0219i desf\u0103\u0219urarea de activit\u0103\u021bi \u00een scopul promov\u0103rii antreprenoriatului \u00een r\u00e2ndul studen\u021bilor universit\u0103\u021bii.<\/p>\n<img src=\"https:\/\/u2b.umfst.ro\/wp-content\/uploads\/2023\/07\/LOGO_SAS_FINAL.png\" title=\"LOGO_SAS_FINAL\" alt=\"LOGO_SAS_FINAL\" srcset=\"https:\/\/u2b.umfst.ro\/wp-content\/uploads\/2023\/07\/LOGO_SAS_FINAL.png 5417w, https:\/\/u2b.umfst.ro\/wp-content\/uploads\/2023\/07\/LOGO_SAS_FINAL-300x288.png 300w, https:\/\/u2b.umfst.ro\/wp-content\/uploads\/2023\/07\/LOGO_SAS_FINAL-1024x982.png 1024w, https:\/\/u2b.umfst.ro\/wp-content\/uploads\/2023\/07\/LOGO_SAS_FINAL-768x737.png 768w, https:\/\/u2b.umfst.ro\/wp-content\/uploads\/2023\/07\/LOGO_SAS_FINAL-1536x1474.png 1536w, https:\/\/u2b.umfst.ro\/wp-content\/uploads\/2023\/07\/LOGO_SAS_FINAL-2048x1965.png 2048w, https:\/\/u2b.umfst.ro\/wp-content\/uploads\/2023\/07\/LOGO_SAS_FINAL-1320x1266.png 1320w, https:\/\/u2b.umfst.ro\/wp-content\/uploads\/2023\/07\/LOGO_SAS_FINAL-1024x982-200x191.png 200w, https:\/\/u2b.umfst.ro\/wp-content\/uploads\/2023\/07\/LOGO_SAS_FINAL-1024x982-210x200.png 210w\" sizes=\"(max-width: 5417px) 100vw, 5417px\" \/>\n<h3 style=\"text-align: center;\">Media \u0219i Vizibilitate<\/h3> <h3 style=\"text-align: center;\">On-line<\/h3>\n<a href=\"https:\/\/u2b.umfst.ro\/mediasas\" > Vezi mai mult <\/a>\n<h3>Dezvoltarea Competen\u021belor Antreprenoriale<\/h3>\n<a href=\"https:\/\/u2b.umfst.ro\/digitrans\" > Vezi mai mult <\/a>\n<h3>B.E.S.T. International Summer Academy<\/h3>\n<a href=\"https:\/\/u2b.umfst.ro\/bestory\/\" > Vezi mai mult <\/a>\n<h3>Organizare \u0219i func\u021bionare S.A.S.<\/h3>\n<a href=\"https:\/\/u2b.umfst.ro\/organizare-sas\" > Vezi mai mult <\/a>\n[embed]https:\/\/youtu.be\/rYPdS-Pi3Ro[\/embed]","_links":{"self":[{"href":"https:\/\/u2b.umfst.ro\/en\/wp-json\/wp\/v2\/pages\/24965","targetHints":{"allow":["GET"]}}],"collection":[{"href":"https:\/\/u2b.umfst.ro\/en\/wp-json\/wp\/v2\/pages"}],"about":[{"href":"https:\/\/u2b.umfst.ro\/en\/wp-json\/wp\/v2\/types\/page"}],"author":[{"embeddable":true,"href":"https:\/\/u2b.umfst.ro\/en\/wp-json\/wp\/v2\/users\/8"}],"replies":[{"embeddable":true,"href":"https:\/\/u2b.umfst.ro\/en\/wp-json\/wp\/v2\/comments?post=24965"}],"version-history":[{"count":0,"href":"https:\/\/u2b.umfst.ro\/en\/wp-json\/wp\/v2\/pages\/24965\/revisions"}],"wp:attachment":[{"href":"https:\/\/u2b.umfst.ro\/en\/wp-json\/wp\/v2\/media?parent=24965"}],"curies":[{"name":"wp","href":"https:\/\/api.w.org\/{rel}","templated":true}]}}